{"id":205,"date":"2023-06-05T22:30:41","date_gmt":"2023-06-05T22:30:41","guid":{"rendered":"https:\/\/monty.carinabernardi.ch\/?page_id=205"},"modified":"2023-06-06T12:58:23","modified_gmt":"2023-06-06T12:58:23","slug":"205-2","status":"publish","type":"page","link":"https:\/\/monty.carinabernardi.ch\/index.php\/205-2\/","title":{"rendered":"Projekt"},"content":{"rendered":"\n<h2 class=\"wp-block-heading has-text-align-left\"><\/h2>\n\n\n\n<p>Bi dem Projekt handlet es sich um es Digezz, wo ich im 4. Herbst Semester gstartet ha. Mini Freizit, verbring ich am liebste mit mim Vierbeiner Monty. Drum hani denkd, wieso n\u00f6d es witers Digezz mit ihm gstalte. <\/p>\n\n\n\n<p>Das Projekt widmet sich de Erforschig vo de Rasse American Village Dog \u00fcber e eige gschtalteti WordPress-Website. Ziel vom Projekt isch es, d`Abstammig vo mim Hund z`Ermittle und  glichzitig Informatione \u00fcber d`Geschicht vo dere Rasse z&#8217;verstah.<\/p>\n\n\n\n<p>Folgendi Schritt sind beachtet worde:<\/p>\n\n\n\n<ol class=\"wp-block-list\">\n<li>Rassebestimmig: en DNA Test isch gmacht worde, um die genau genetischi Zemmesetzig vo mim Hund usezfinde. Mithilf vo dem Test ch\u00f6nd Informatione \u00fcber die verschiedene Hunderasse, wo vo de American Village Dog abstammed, untersuecht werde. <br><\/li>\n\n\n\n<li>Erforschig vo de Gschicht: Durch intensivi Recherche werdet historischi und aktuelli Informatione \u00fcber d`American Village Dogs gsammlet. D` Geschicht vo de Rasse, und ihri Entwicklig werdet debi detailliert beschriebe.<br><\/li>\n\n\n\n<li>Ergebniss teile: Die Website dient als Plattform, um d`Ergebnisse vom DNA-Tests und witeri Informatione \u00fcber de American Village Dog visuell ufzeige. Es werdet unter anderem  Fotis  vo de Rassene,  wo min eigene  Hund dinne het dargstellt.<\/li>\n<\/ol>\n\n\n\n<p>Mit dem Projekt wird d`M\u00f6glichkeit gschaffe, s` W\u00fcsse \u00fcber die Rasse  z`erwitere und anderi Hundebsitzer sowie Interessierti \u00fcber Embark ufzkl\u00e4re. D`Website s\u00f6ll dezue diene, d`Vielfalt vo dene Hunderassene z`fire unds Bewusstsi f\u00fcr d`Gschicht und die genetischi Vielfalt vo H\u00fcnd z` sch\u00e4rfe.<\/p>\n\n\n\n<p><\/p>\n\n\n\n<p><\/p>\n\n\n\n<p><\/p>\n\n\n\n<p><\/p>\n\n\n\n<div class=\"wp-block-group alignfull has-background is-layout-constrained wp-container-core-group-is-layout-3bfa357b wp-block-group-is-layout-constrained\" style=\"background-color:#00000008;padding-top:var(--wp--preset--spacing--50);padding-right:var(--wp--preset--spacing--40);padding-bottom:var(--wp--preset--spacing--50);padding-left:var(--wp--preset--spacing--40)\">\n<div class=\"wp-block-group alignwide is-content-justification-space-between is-layout-flex wp-container-core-group-is-layout-cdd4a880 wp-block-group-is-layout-flex\">\n<div class=\"wp-block-group wp-container-content-9cfa9a5a is-content-justification-left is-layout-constrained wp-container-core-group-is-layout-12dd3699 wp-block-group-is-layout-constrained\">\n<p class=\"has-text-align-left\" style=\"font-size:0.9rem;font-style:normal;font-weight:600;letter-spacing:1px;text-transform:uppercase\">Suech\u00e4<\/p>\n\n\n<form role=\"search\" method=\"get\" action=\"https:\/\/monty.carinabernardi.ch\/\" class=\"wp-block-search__button-outside wp-block-search__icon-button wp-block-search\"    ><label class=\"wp-block-search__label screen-reader-text\" for=\"wp-block-search__input-1\" >Search<\/label><div class=\"wp-block-search__inside-wrapper\"  style=\"width: 100%\"><input class=\"wp-block-search__input\" id=\"wp-block-search__input-1\" placeholder=\"Meh Finde\" value=\"\" type=\"search\" name=\"s\" required  style=\"border-width: 1px\"\/><button aria-label=\"Search\" class=\"wp-block-search__button has-icon wp-element-button\" type=\"submit\"  style=\"border-width: 1px\"><svg class=\"search-icon\" viewBox=\"0 0 24 24\" width=\"24\" height=\"24\">\n\t\t\t\t\t<path d=\"M13 5c-3.3 0-6 2.7-6 6 0 1.4.5 2.7 1.3 3.7l-3.8 3.8 1.1 1.1 3.8-3.8c1 .8 2.3 1.3 3.7 1.3 3.3 0 6-2.7 6-6S16.3 5 13 5zm0 10.5c-2.5 0-4.5-2-4.5-4.5s2-4.5 4.5-4.5 4.5 2 4.5 4.5-2 4.5-4.5 4.5z\"><\/path>\n\t\t\t\t<\/svg><\/button><\/div><\/form><\/div>\n\n\n\n<div class=\"wp-block-group is-content-justification-right is-nowrap is-layout-flex wp-container-core-group-is-layout-469b99a4 wp-block-group-is-layout-flex\">\n<div class=\"wp-block-group is-vertical is-layout-flex wp-container-core-group-is-layout-fe9cc265 wp-block-group-is-layout-flex\">\n<p class=\"has-text-align-left\" style=\"font-size:0.9rem;font-style:normal;font-weight:600;letter-spacing:1px;text-transform:uppercase\">Social<\/p>\n\n\n\n<div class=\"wp-block-group has-small-font-size is-vertical is-content-justification-left is-layout-flex wp-container-core-group-is-layout-32091062 wp-block-group-is-layout-flex\">\n<p><a href=\"\/\/www.facebook.com\/adoomania\" target=\"_blank\" rel=\"noreferrer noopener\">Facebook<\/a><\/p>\n\n\n\n<p><a href=\"\/\/instagram.com\/adoomania?igshid=OGQ5ZDc2ODk2ZA==\" data-type=\"internal\" data-id=\"#https:\/\/instagram.com\/adoomania?igshid=OGQ5ZDc2ODk2ZA==\" target=\"_blank\" rel=\"noreferrer noopener\">Instagram<\/a><\/p>\n\n\n\n<p><a href=\"\/\/www.linkedin.com\/in\/carina-bernardi-1442a2221\" target=\"_blank\" rel=\"noreferrer noopener\">Linkedin<\/a><\/p>\n<\/div>\n<\/div>\n<\/div>\n<\/div>\n\n\n\n<div style=\"height:48px\" aria-hidden=\"true\" class=\"wp-block-spacer\"><\/div>\n\n\n\n<div class=\"wp-block-group alignwide is-content-justification-space-between is-layout-flex wp-container-core-group-is-layout-b585a4aa wp-block-group-is-layout-flex\">\n<div class=\"wp-block-group is-layout-flex wp-block-group-is-layout-flex\"><h1 class=\"wp-block-site-title has-small-font-size\"><a href=\"https:\/\/monty.carinabernardi.ch\" target=\"_self\" rel=\"home\">Montys DNA Test <\/a><\/h1><\/div>\n\n\n\n<p class=\"has-small-font-size\"><\/p>\n<\/div>\n<\/div>\n","protected":false},"excerpt":{"rendered":"<p>Bi dem Projekt handlet es sich um es Digezz, wo ich im 4. Herbst Semester gstartet ha. Mini Freizit, verbring ich am liebste mit mim Vierbeiner Monty. Drum hani denkd, wieso n\u00f6d es witers Digezz mit ihm gstalte. Das Projekt widmet sich de Erforschig vo de Rasse American Village Dog \u00fcber e eige gschtalteti WordPress-Website. [&hellip;]<\/p>\n","protected":false},"author":1,"featured_media":0,"parent":0,"menu_order":0,"comment_status":"closed","ping_status":"closed","template":"","meta":{"footnotes":""},"class_list":["post-205","page","type-page","status-publish","hentry"],"_links":{"self":[{"href":"https:\/\/monty.carinabernardi.ch\/index.php\/wp-json\/wp\/v2\/pages\/205","targetHints":{"allow":["GET"]}}],"collection":[{"href":"https:\/\/monty.carinabernardi.ch\/index.php\/wp-json\/wp\/v2\/pages"}],"about":[{"href":"https:\/\/monty.carinabernardi.ch\/index.php\/wp-json\/wp\/v2\/types\/page"}],"author":[{"embeddable":true,"href":"https:\/\/monty.carinabernardi.ch\/index.php\/wp-json\/wp\/v2\/users\/1"}],"replies":[{"embeddable":true,"href":"https:\/\/monty.carinabernardi.ch\/index.php\/wp-json\/wp\/v2\/comments?post=205"}],"version-history":[{"count":9,"href":"https:\/\/monty.carinabernardi.ch\/index.php\/wp-json\/wp\/v2\/pages\/205\/revisions"}],"predecessor-version":[{"id":265,"href":"https:\/\/monty.carinabernardi.ch\/index.php\/wp-json\/wp\/v2\/pages\/205\/revisions\/265"}],"wp:attachment":[{"href":"https:\/\/monty.carinabernardi.ch\/index.php\/wp-json\/wp\/v2\/media?parent=205"}],"curies":[{"name":"wp","href":"https:\/\/api.w.org\/{rel}","templated":true}]}}